{"id":7646,"date":"2010-02-10T19:35:58","date_gmt":"2010-02-10T18:35:58","guid":{"rendered":"http:\/\/www.ra-herren.de\/wp\/?page_id=13"},"modified":"2010-02-10T19:35:58","modified_gmt":"2010-02-10T18:35:58","slug":"impressum","status":"publish","type":"page","link":"https:\/\/raherren.de\/index.php\/impressum\/","title":{"rendered":"Impressum"},"content":{"rendered":"<p>Rechtsanwalt<br \/>\nRalf Herren<\/p>\n<p>Pingsdorfer Str. 46<br \/>\n50321 Br\u00fchl<\/p>\n<p>Phone: 0 22 32 &#8211; 1500-670 &#8211; Fax: 0 22 32 &#8211; 1500-672<\/p>\n<p>E-Mail: info(at)ra-herren.de<\/p>\n<p>Angabe der zust\u00e4ndigen Kammer :<\/p>\n<p>Rechtsanwaltskammer K\u00f6ln<br \/>\nRiehler Str. 30<br \/>\n50668 K\u00f6ln<\/p>\n<p>Deutschland<\/p>\n<p>Telefon: +49 (0221) 9730100<br \/>\nFax: +49 (0221) 97301050<\/p>\n<p>kontakt(at)rak-koeln.de<\/p>\n<p>Gem\u00e4\u00df \u00a7 5 TMG wird darauf hingewiesen, dass f\u00fcr die Kanzlei RA Ralf Herren folgende berufsrechtlichen Regelungen gelten:<\/p>\n<p>Bundesrechtsanwaltsordnung (BRAO),<br \/>\nBerufsordnung f\u00fcr Rechtsanw\u00e4lte (BORA),<br \/>\nFachanwaltsordnung (FAO),<br \/>\nStandesregelung der Rechtsanw\u00e4lte in der Europ\u00e4ischen Gemeinschaft (CCBE-Berufsregeln),<br \/>\nBundesrechtsanwaltsgeb\u00fchrenordnung (BRAGO),<br \/>\nRechtsanwaltsverg\u00fctungsgesetz (RVG).<\/p>\n<p>S\u00e4mtliche berufsrechtlichen Vorschriften f\u00fcr Rechtsanw\u00e4lte in der Bundesrepublik Deutschland finden Sie auf der Internetpr\u00e4senz der Bundesrechtsanwaltskammer unter<\/p>\n<p><a href=\"http:\/\/www.brak.de\" target=\"_blank\" rel=\"noopener\">www.brak.de<\/a><\/p>\n<p>Berufshaftpflichtversicherung: Provinzial Versicherung AG, Provinzialplatz 1, 40591 D\u00fcsseldorf<\/p>\n<p>Umsatzsteuer-Identifikationsnummer gem\u00e4\u00df \u00a7 27 a Umsatzsteuergesetz: UST.ID:DE: 224\/5116\/1429<\/p>\n<p>Inhaltlich Verantwortlicher gem\u00e4\u00df \u00a7 10 Absatz 3 MDStV:<\/p>\n<p>Ralf Herren Pingsdorfer Str. 46 in 50321 Br\u00fchl<\/p>\n<p>Haftungshinweis: Trotz sorgf\u00e4ltiger inhaltlicher Kontrolle \u00fcbernehmen wir keine Haftung f\u00fcr die Inhalte externer Links. F\u00fcr den Inhalt der verlinkten Seiten sind ausschlie\u00dflich deren Betreiber verantwortlich.<\/p>\n<p>Bilder:<\/p>\n<p><a href=\"http:\/\/www.pixelio.de\/\" target=\"_blank\" rel=\"noopener\">Pixelio<\/a><br \/>\n<a href=\"http:\/\/de.fotolia.com\/\" target=\"_blank\" rel=\"noopener\">Fotolia<\/a><\/p>\n","protected":false},"excerpt":{"rendered":"<p>Rechtsanwalt Ralf Herren Pingsdorfer Str. 46 50321 Br\u00fchl Phone: 0 22 32 &#8211; 1500-670 &#8211; Fax: 0 22 32 &#8211; 1500-672 E-Mail: info(at)ra-herren.de Angabe der zust\u00e4ndigen Kammer : Rechtsanwaltskammer K\u00f6ln Riehler Str. 30 50668 K\u00f6ln Deutschland Telefon: +49 (0221) 9730100 Fax: +49 (0221) 97301050 kontakt(at)rak-koeln.de Gem\u00e4\u00df \u00a7 5 TMG wird darauf hingewiesen, dass f\u00fcr die [&hellip;]<\/p>\n","protected":false},"author":1,"featured_media":0,"parent":0,"menu_order":10,"comment_status":"closed","ping_status":"open","template":"","meta":{"footnotes":""},"class_list":["post-7646","page","type-page","status-publish","hentry"],"yoast_head":"<!-- This site is optimized with the Yoast SEO plugin v26.9 - https:\/\/yoast.com\/product\/yoast-seo-wordpress\/ -->\n<title>Impressum - RA Heeren<\/title>\n<meta name=\"robots\" content=\"index, follow, max-snippet:-1, max-image-preview:large, max-video-preview:-1\" \/>\n<link rel=\"canonical\" href=\"https:\/\/raherren.de\/index.php\/impressum\/\" \/>\n<meta property=\"og:locale\" content=\"de_DE\" \/>\n<meta property=\"og:type\" content=\"article\" \/>\n<meta property=\"og:title\" content=\"Impressum - RA Heeren\" \/>\n<meta property=\"og:description\" content=\"Rechtsanwalt Ralf Herren Pingsdorfer Str. 46 50321 Br\u00fchl Phone: 0 22 32 &#8211; 1500-670 &#8211; Fax: 0 22 32 &#8211; 1500-672 E-Mail: info(at)ra-herren.de Angabe der zust\u00e4ndigen Kammer : Rechtsanwaltskammer K\u00f6ln Riehler Str. 30 50668 K\u00f6ln Deutschland Telefon: +49 (0221) 9730100 Fax: +49 (0221) 97301050 kontakt(at)rak-koeln.de Gem\u00e4\u00df \u00a7 5 TMG wird darauf hingewiesen, dass f\u00fcr die [&hellip;]\" \/>\n<meta property=\"og:url\" content=\"https:\/\/raherren.de\/index.php\/impressum\/\" \/>\n<meta property=\"og:site_name\" content=\"RA Heeren\" \/>\n<meta name=\"twitter:card\" content=\"summary_large_image\" \/>\n<meta name=\"twitter:label1\" content=\"Gesch\u00e4tzte Lesezeit\" \/>\n\t<meta name=\"twitter:data1\" content=\"1\u00a0Minute\" \/>\n<script type=\"application\/ld+json\" class=\"yoast-schema-graph\">{\"@context\":\"https:\/\/schema.org\",\"@graph\":[{\"@type\":\"WebPage\",\"@id\":\"https:\/\/raherren.de\/index.php\/impressum\/\",\"url\":\"https:\/\/raherren.de\/index.php\/impressum\/\",\"name\":\"Impressum - RA Heeren\",\"isPartOf\":{\"@id\":\"https:\/\/raherren.de\/#website\"},\"datePublished\":\"2010-02-10T18:35:58+00:00\",\"breadcrumb\":{\"@id\":\"https:\/\/raherren.de\/index.php\/impressum\/#breadcrumb\"},\"inLanguage\":\"de\",\"potentialAction\":[{\"@type\":\"ReadAction\",\"target\":[\"https:\/\/raherren.de\/index.php\/impressum\/\"]}]},{\"@type\":\"BreadcrumbList\",\"@id\":\"https:\/\/raherren.de\/index.php\/impressum\/#breadcrumb\",\"itemListElement\":[{\"@type\":\"ListItem\",\"position\":1,\"name\":\"Start\",\"item\":\"https:\/\/raherren.de\/index.php\/wp2\/\"},{\"@type\":\"ListItem\",\"position\":2,\"name\":\"Impressum\"}]},{\"@type\":\"WebSite\",\"@id\":\"https:\/\/raherren.de\/#website\",\"url\":\"https:\/\/raherren.de\/\",\"name\":\"RA Herren\",\"description\":\"IHRE RECHTSANW\u00c4LTE IN BR\u00dcHL\",\"publisher\":{\"@id\":\"https:\/\/raherren.de\/#organization\"},\"potentialAction\":[{\"@type\":\"SearchAction\",\"target\":{\"@type\":\"EntryPoint\",\"urlTemplate\":\"https:\/\/raherren.de\/?s={search_term_string}\"},\"query-input\":{\"@type\":\"PropertyValueSpecification\",\"valueRequired\":true,\"valueName\":\"search_term_string\"}}],\"inLanguage\":\"de\"},{\"@type\":\"Organization\",\"@id\":\"https:\/\/raherren.de\/#organization\",\"name\":\"RA Herren\",\"url\":\"https:\/\/raherren.de\/\",\"logo\":{\"@type\":\"ImageObject\",\"inLanguage\":\"de\",\"@id\":\"https:\/\/raherren.de\/#\/schema\/logo\/image\/\",\"url\":\"https:\/\/raherren.de\/wp-content\/uploads\/2016\/08\/cropped-icon.jpg\",\"contentUrl\":\"https:\/\/raherren.de\/wp-content\/uploads\/2016\/08\/cropped-icon.jpg\",\"width\":512,\"height\":512,\"caption\":\"RA Herren\"},\"image\":{\"@id\":\"https:\/\/raherren.de\/#\/schema\/logo\/image\/\"}}]}<\/script>\n<!-- \/ Yoast SEO plugin. -->","yoast_head_json":{"title":"Impressum - RA Heeren","robots":{"index":"index","follow":"follow","max-snippet":"max-snippet:-1","max-image-preview":"max-image-preview:large","max-video-preview":"max-video-preview:-1"},"canonical":"https:\/\/raherren.de\/index.php\/impressum\/","og_locale":"de_DE","og_type":"article","og_title":"Impressum - RA Heeren","og_description":"Rechtsanwalt Ralf Herren Pingsdorfer Str. 46 50321 Br\u00fchl Phone: 0 22 32 &#8211; 1500-670 &#8211; Fax: 0 22 32 &#8211; 1500-672 E-Mail: info(at)ra-herren.de Angabe der zust\u00e4ndigen Kammer : Rechtsanwaltskammer K\u00f6ln Riehler Str. 30 50668 K\u00f6ln Deutschland Telefon: +49 (0221) 9730100 Fax: +49 (0221) 97301050 kontakt(at)rak-koeln.de Gem\u00e4\u00df \u00a7 5 TMG wird darauf hingewiesen, dass f\u00fcr die [&hellip;]","og_url":"https:\/\/raherren.de\/index.php\/impressum\/","og_site_name":"RA Heeren","twitter_card":"summary_large_image","twitter_misc":{"Gesch\u00e4tzte Lesezeit":"1\u00a0Minute"},"schema":{"@context":"https:\/\/schema.org","@graph":[{"@type":"WebPage","@id":"https:\/\/raherren.de\/index.php\/impressum\/","url":"https:\/\/raherren.de\/index.php\/impressum\/","name":"Impressum - RA Heeren","isPartOf":{"@id":"https:\/\/raherren.de\/#website"},"datePublished":"2010-02-10T18:35:58+00:00","breadcrumb":{"@id":"https:\/\/raherren.de\/index.php\/impressum\/#breadcrumb"},"inLanguage":"de","potentialAction":[{"@type":"ReadAction","target":["https:\/\/raherren.de\/index.php\/impressum\/"]}]},{"@type":"BreadcrumbList","@id":"https:\/\/raherren.de\/index.php\/impressum\/#breadcrumb","itemListElement":[{"@type":"ListItem","position":1,"name":"Start","item":"https:\/\/raherren.de\/index.php\/wp2\/"},{"@type":"ListItem","position":2,"name":"Impressum"}]},{"@type":"WebSite","@id":"https:\/\/raherren.de\/#website","url":"https:\/\/raherren.de\/","name":"RA Herren","description":"IHRE RECHTSANW\u00c4LTE IN BR\u00dcHL","publisher":{"@id":"https:\/\/raherren.de\/#organization"},"potentialAction":[{"@type":"SearchAction","target":{"@type":"EntryPoint","urlTemplate":"https:\/\/raherren.de\/?s={search_term_string}"},"query-input":{"@type":"PropertyValueSpecification","valueRequired":true,"valueName":"search_term_string"}}],"inLanguage":"de"},{"@type":"Organization","@id":"https:\/\/raherren.de\/#organization","name":"RA Herren","url":"https:\/\/raherren.de\/","logo":{"@type":"ImageObject","inLanguage":"de","@id":"https:\/\/raherren.de\/#\/schema\/logo\/image\/","url":"https:\/\/raherren.de\/wp-content\/uploads\/2016\/08\/cropped-icon.jpg","contentUrl":"https:\/\/raherren.de\/wp-content\/uploads\/2016\/08\/cropped-icon.jpg","width":512,"height":512,"caption":"RA Herren"},"image":{"@id":"https:\/\/raherren.de\/#\/schema\/logo\/image\/"}}]}},"_links":{"self":[{"href":"https:\/\/raherren.de\/index.php\/wp-json\/wp\/v2\/pages\/7646","targetHints":{"allow":["GET"]}}],"collection":[{"href":"https:\/\/raherren.de\/index.php\/wp-json\/wp\/v2\/pages"}],"about":[{"href":"https:\/\/raherren.de\/index.php\/wp-json\/wp\/v2\/types\/page"}],"author":[{"embeddable":true,"href":"https:\/\/raherren.de\/index.php\/wp-json\/wp\/v2\/users\/1"}],"replies":[{"embeddable":true,"href":"https:\/\/raherren.de\/index.php\/wp-json\/wp\/v2\/comments?post=7646"}],"version-history":[{"count":0,"href":"https:\/\/raherren.de\/index.php\/wp-json\/wp\/v2\/pages\/7646\/revisions"}],"wp:attachment":[{"href":"https:\/\/raherren.de\/index.php\/wp-json\/wp\/v2\/media?parent=7646"}],"curies":[{"name":"wp","href":"https:\/\/api.w.org\/{rel}","templated":true}]}}