{"id":13141,"date":"2023-08-24T16:36:15","date_gmt":"2023-08-24T16:36:15","guid":{"rendered":"https:\/\/kunden.frank-belz.de\/?page_id=13141"},"modified":"2023-08-24T16:36:15","modified_gmt":"2023-08-24T16:36:15","slug":"adresse","status":"publish","type":"page","link":"https:\/\/raherren.de\/index.php\/adresse\/","title":{"rendered":"Pingsdorfer Str. 46 50321 Br\u00fchl | info@ra-heeren.de | \u00d6ffnungszeiten: Werktags: 09:00 bis 17:00 Uhr"},"content":{"rendered":"<p>Pingsdorfer Str. 46<br \/>\n50321 Br\u00fchl<\/p>\n","protected":false},"excerpt":{"rendered":"<p>Pingsdorfer Str. 46 50321 Br\u00fchl<\/p>\n","protected":false},"author":1,"featured_media":0,"parent":0,"menu_order":0,"comment_status":"closed","ping_status":"closed","template":"","meta":{"footnotes":""},"class_list":["post-13141","page","type-page","status-publish","hentry"],"yoast_head":"<!-- This site is optimized with the Yoast SEO plugin v26.9 - https:\/\/yoast.com\/product\/yoast-seo-wordpress\/ -->\n<title>Pingsdorfer Str. 46 50321 Br\u00fchl | info@ra-heeren.de | \u00d6ffnungszeiten: Werktags: 09:00 bis 17:00 Uhr - RA Heeren<\/title>\n<meta name=\"robots\" content=\"index, follow, max-snippet:-1, max-image-preview:large, max-video-preview:-1\" \/>\n<link rel=\"canonical\" href=\"https:\/\/raherren.de\/index.php\/adresse\/\" \/>\n<meta property=\"og:locale\" content=\"de_DE\" \/>\n<meta property=\"og:type\" content=\"article\" \/>\n<meta property=\"og:title\" content=\"Pingsdorfer Str. 46 50321 Br\u00fchl | info@ra-heeren.de | \u00d6ffnungszeiten: Werktags: 09:00 bis 17:00 Uhr - RA Heeren\" \/>\n<meta property=\"og:description\" content=\"Pingsdorfer Str. 46 50321 Br\u00fchl\" \/>\n<meta property=\"og:url\" content=\"https:\/\/raherren.de\/index.php\/adresse\/\" \/>\n<meta property=\"og:site_name\" content=\"RA Heeren\" \/>\n<meta name=\"twitter:card\" content=\"summary_large_image\" \/>\n<script type=\"application\/ld+json\" class=\"yoast-schema-graph\">{\"@context\":\"https:\/\/schema.org\",\"@graph\":[{\"@type\":\"WebPage\",\"@id\":\"https:\/\/raherren.de\/index.php\/adresse\/\",\"url\":\"https:\/\/raherren.de\/index.php\/adresse\/\",\"name\":\"Pingsdorfer Str. 46 50321 Br\u00fchl | info@ra-heeren.de | \u00d6ffnungszeiten: Werktags: 09:00 bis 17:00 Uhr - RA Heeren\",\"isPartOf\":{\"@id\":\"https:\/\/raherren.de\/#website\"},\"datePublished\":\"2023-08-24T16:36:15+00:00\",\"breadcrumb\":{\"@id\":\"https:\/\/raherren.de\/index.php\/adresse\/#breadcrumb\"},\"inLanguage\":\"de\",\"potentialAction\":[{\"@type\":\"ReadAction\",\"target\":[\"https:\/\/raherren.de\/index.php\/adresse\/\"]}]},{\"@type\":\"BreadcrumbList\",\"@id\":\"https:\/\/raherren.de\/index.php\/adresse\/#breadcrumb\",\"itemListElement\":[{\"@type\":\"ListItem\",\"position\":1,\"name\":\"Start\",\"item\":\"https:\/\/raherren.de\/index.php\/wp2\/\"},{\"@type\":\"ListItem\",\"position\":2,\"name\":\"Pingsdorfer Str. 46 50321 Br\u00fchl | info@ra-heeren.de | \u00d6ffnungszeiten: Werktags: 09:00 bis 17:00 Uhr\"}]},{\"@type\":\"WebSite\",\"@id\":\"https:\/\/raherren.de\/#website\",\"url\":\"https:\/\/raherren.de\/\",\"name\":\"RA Herren\",\"description\":\"IHRE RECHTSANW\u00c4LTE IN BR\u00dcHL\",\"publisher\":{\"@id\":\"https:\/\/raherren.de\/#organization\"},\"potentialAction\":[{\"@type\":\"SearchAction\",\"target\":{\"@type\":\"EntryPoint\",\"urlTemplate\":\"https:\/\/raherren.de\/?s={search_term_string}\"},\"query-input\":{\"@type\":\"PropertyValueSpecification\",\"valueRequired\":true,\"valueName\":\"search_term_string\"}}],\"inLanguage\":\"de\"},{\"@type\":\"Organization\",\"@id\":\"https:\/\/raherren.de\/#organization\",\"name\":\"RA Herren\",\"url\":\"https:\/\/raherren.de\/\",\"logo\":{\"@type\":\"ImageObject\",\"inLanguage\":\"de\",\"@id\":\"https:\/\/raherren.de\/#\/schema\/logo\/image\/\",\"url\":\"https:\/\/raherren.de\/wp-content\/uploads\/2016\/08\/cropped-icon.jpg\",\"contentUrl\":\"https:\/\/raherren.de\/wp-content\/uploads\/2016\/08\/cropped-icon.jpg\",\"width\":512,\"height\":512,\"caption\":\"RA Herren\"},\"image\":{\"@id\":\"https:\/\/raherren.de\/#\/schema\/logo\/image\/\"}}]}<\/script>\n<!-- \/ Yoast SEO plugin. -->","yoast_head_json":{"title":"Pingsdorfer Str. 46 50321 Br\u00fchl | info@ra-heeren.de | \u00d6ffnungszeiten: Werktags: 09:00 bis 17:00 Uhr - RA Heeren","robots":{"index":"index","follow":"follow","max-snippet":"max-snippet:-1","max-image-preview":"max-image-preview:large","max-video-preview":"max-video-preview:-1"},"canonical":"https:\/\/raherren.de\/index.php\/adresse\/","og_locale":"de_DE","og_type":"article","og_title":"Pingsdorfer Str. 46 50321 Br\u00fchl | info@ra-heeren.de | \u00d6ffnungszeiten: Werktags: 09:00 bis 17:00 Uhr - RA Heeren","og_description":"Pingsdorfer Str. 46 50321 Br\u00fchl","og_url":"https:\/\/raherren.de\/index.php\/adresse\/","og_site_name":"RA Heeren","twitter_card":"summary_large_image","schema":{"@context":"https:\/\/schema.org","@graph":[{"@type":"WebPage","@id":"https:\/\/raherren.de\/index.php\/adresse\/","url":"https:\/\/raherren.de\/index.php\/adresse\/","name":"Pingsdorfer Str. 46 50321 Br\u00fchl | info@ra-heeren.de | \u00d6ffnungszeiten: Werktags: 09:00 bis 17:00 Uhr - RA Heeren","isPartOf":{"@id":"https:\/\/raherren.de\/#website"},"datePublished":"2023-08-24T16:36:15+00:00","breadcrumb":{"@id":"https:\/\/raherren.de\/index.php\/adresse\/#breadcrumb"},"inLanguage":"de","potentialAction":[{"@type":"ReadAction","target":["https:\/\/raherren.de\/index.php\/adresse\/"]}]},{"@type":"BreadcrumbList","@id":"https:\/\/raherren.de\/index.php\/adresse\/#breadcrumb","itemListElement":[{"@type":"ListItem","position":1,"name":"Start","item":"https:\/\/raherren.de\/index.php\/wp2\/"},{"@type":"ListItem","position":2,"name":"Pingsdorfer Str. 46 50321 Br\u00fchl | info@ra-heeren.de | \u00d6ffnungszeiten: Werktags: 09:00 bis 17:00 Uhr"}]},{"@type":"WebSite","@id":"https:\/\/raherren.de\/#website","url":"https:\/\/raherren.de\/","name":"RA Herren","description":"IHRE RECHTSANW\u00c4LTE IN BR\u00dcHL","publisher":{"@id":"https:\/\/raherren.de\/#organization"},"potentialAction":[{"@type":"SearchAction","target":{"@type":"EntryPoint","urlTemplate":"https:\/\/raherren.de\/?s={search_term_string}"},"query-input":{"@type":"PropertyValueSpecification","valueRequired":true,"valueName":"search_term_string"}}],"inLanguage":"de"},{"@type":"Organization","@id":"https:\/\/raherren.de\/#organization","name":"RA Herren","url":"https:\/\/raherren.de\/","logo":{"@type":"ImageObject","inLanguage":"de","@id":"https:\/\/raherren.de\/#\/schema\/logo\/image\/","url":"https:\/\/raherren.de\/wp-content\/uploads\/2016\/08\/cropped-icon.jpg","contentUrl":"https:\/\/raherren.de\/wp-content\/uploads\/2016\/08\/cropped-icon.jpg","width":512,"height":512,"caption":"RA Herren"},"image":{"@id":"https:\/\/raherren.de\/#\/schema\/logo\/image\/"}}]}},"_links":{"self":[{"href":"https:\/\/raherren.de\/index.php\/wp-json\/wp\/v2\/pages\/13141","targetHints":{"allow":["GET"]}}],"collection":[{"href":"https:\/\/raherren.de\/index.php\/wp-json\/wp\/v2\/pages"}],"about":[{"href":"https:\/\/raherren.de\/index.php\/wp-json\/wp\/v2\/types\/page"}],"author":[{"embeddable":true,"href":"https:\/\/raherren.de\/index.php\/wp-json\/wp\/v2\/users\/1"}],"replies":[{"embeddable":true,"href":"https:\/\/raherren.de\/index.php\/wp-json\/wp\/v2\/comments?post=13141"}],"version-history":[{"count":0,"href":"https:\/\/raherren.de\/index.php\/wp-json\/wp\/v2\/pages\/13141\/revisions"}],"wp:attachment":[{"href":"https:\/\/raherren.de\/index.php\/wp-json\/wp\/v2\/media?parent=13141"}],"curies":[{"name":"wp","href":"https:\/\/api.w.org\/{rel}","templated":true}]}}